{"id":19,"date":"2011-07-10T16:49:16","date_gmt":"2011-07-10T14:49:16","guid":{"rendered":"http:\/\/krisenflutschi.bobok.com\/?page_id=19"},"modified":"2018-05-22T21:08:34","modified_gmt":"2018-05-22T19:08:34","slug":"anmelden","status":"publish","type":"page","link":"https:\/\/krisenflutschi.bobok.com\/?page_id=19","title":{"rendered":"kontakt &#038; datenschutz"},"content":{"rendered":"<p>markus giltjes &#8211; gartenstra\u00dfe 12a &#8211; d-27374 visselh\u00f6vede &#8211; 0172 \/ 5413030 &#8211;\u00a0<a href=\"mailto:info@bobok.com\">info@bobok.com<\/a><\/p>\n<p><strong>impressum<\/strong><\/p>\n<p><strong>nutzungsbestimmung<\/strong><br \/>\ndieses angebot ist kostenlos. es darf von jedermann genutzt werden, indem es von diesem server abgerufen und am eigenen bildschirm angezeigt wird. wir \u00fcbernehmen keinerlei haftung f\u00fcr sch\u00e4den, die durch die nutzung dieses angebot entstehen. es ist ohne besondere genehmigung ausdr\u00fccklich verboten materialien dieser website in jedweder form weiterzugeben und zu vervielf\u00e4ltigen. sollte eine der vorstehenden regelungen unwirksam sein, so wird hiervon die g\u00fcltigkeit der \u00fcbrigen regeln nicht ber\u00fchrt. gegen jeden der diese nutzungsbedingungen verletzt, behalten wir uns rechtliche schritte vor. gerichtsstand ist hamburg.<\/p>\n<p><strong>Allgemeine Datenschutzerkl\u00e4rung<\/strong><\/p>\n<p>Durch die Nutzung unserer Website erkl\u00e4ren Sie sich mit der Erhebung, Verarbeitung und Nutzung von Daten gem\u00e4\u00df der nachfolgenden Beschreibung einverstanden. Unsere Website kann grunds\u00e4tzlich ohne Registrierung besucht werden. Dabei werden Daten wie beispielsweise aufgerufene Seiten bzw. Namen der abgerufenen Datei, Datum und Uhrzeit zu statistischen Zwecken auf dem Server gespeichert, ohne dass diese Daten unmittelbar auf Ihre Person bezogen werden. Personenbezogene Daten, insbesondere Name, Adresse oder E-Mail-Adresse werden soweit m\u00f6glich auf freiwilliger Basis erhoben. Ohne Ihre Einwilligung erfolgt keine Weitergabe der Daten an<br \/>\nDritte.<\/p>\n<p>Quelle: <a \nhref=\"http:\/\/www.anwalt.de\/vorlage\/muster-datenschutzerklaerung.php\"\ntitle=\"Vorlage Datenschutzerkl\u00e4rung von\nanwalt.de\">Muster-Datenschutzerkl\u00e4rung von anwalt.de<\/a><\/p>\n<p>&nbsp;<\/p>\n<h2>Datenschutzerkl\u00e4rung<\/h2>\n<p>Die Nutzung unserer Seite ist ohne  eine Angabe von personenbezogenen Daten m\u00f6glich. F\u00fcr die Nutzung einzelner  Services unserer Seite k\u00f6nnen sich hierf\u00fcr abweichende Regelungen ergeben, die in  diesem Falle nachstehend gesondert erl\u00e4utert werden. Ihre personenbezogenen  Daten (z.B. Name, Anschrift, E-Mail, Telefonnummer, u.\u00e4.) werden von uns nur  gem\u00e4\u00df den Bestimmungen des deutschen Datenschutzrechts verarbeitet. Daten sind dann  personenbezogen, wenn sie eindeutig einer bestimmten nat\u00fcrlichen Person  zugeordnet werden k\u00f6nnen. Die rechtlichen Grundlagen des Datenschutzes finden  Sie im Bundesdatenschutzgesetz (BDSG) und dem Telemediengesetz (TMG). Nachstehende  Regelungen informieren Sie insoweit \u00fcber die Art, den Umfang und Zweck der  Erhebung, die Nutzung und die Verarbeitung von personenbezogenen Daten durch  den Anbieter<\/p>\n<p>Markus Giltjes &#8211; Gartenstra\u00dfe 12a &#8211; D-27374 Visselh\u00f6vede &#8211; <a href=\"tel:+491725413030\">+49 (0)172 \/ 5413030<\/a> &#8211; <a href=\"mailto:&#105;&#110;&#102;&#111;&#64;&#98;&#111;&#98;&#111;&#107;&#46;&#99;&#111;&#109;\">&#105;&#110;&#102;&#111;&#64;&#98;&#111;&#98;&#111;&#107;&#46;&#99;&#111;&#109;<\/a><\/p>\n<p>Wir weisen darauf hin, dass die  internetbasierte Daten\u00fcbertragung Sicherheitsl\u00fccken aufweist, ein l\u00fcckenloser  Schutz vor Zugriffen durch Dritte somit unm\u00f6glich ist.<\/p>\n<h4>Cookies<\/h4>\n<p>Wir  verwenden auf unserer Seite sog. Cookies zum Wiedererkennen mehrfacher Nutzung unseres  Angebots, durch denselben Nutzer\/Internetanschlussinhaber. Cookies sind kleine  Textdateien, die Ihr Internet-Browser auf Ihrem Rechner ablegt und speichert.  Sie dienen dazu, unseren Internetauftritt und unsere Angebote zu optimieren. Es  handelt sich dabei zumeist um sog. &#8222;Session-Cookies&#8220;, die nach dem  Ende Ihres Besuches wieder gel\u00f6scht werden.<br \/>\n            Teilweise  geben diese Cookies jedoch Informationen ab, um Sie automatisch wieder zu  erkennen. Diese Wiedererkennung erfolgt aufgrund der in den Cookies  gespeicherten IP-Adresse. Die so erlangten Informationen dienen dazu, unsere  Angebote zu optimieren und Ihnen einen leichteren Zugang auf unsere Seite zu  erm\u00f6glichen.<br \/>\n            Sie k\u00f6nnen  die Installation der Cookies durch eine entsprechende Einstellung Ihres  Browsers verhindern; wir weisen Sie jedoch darauf hin, dass Sie in diesem Fall  gegebenenfalls nicht s\u00e4mtliche Funktionen unserer Website vollumf\u00e4nglich nutzen  k\u00f6nnen.<\/p>\n<h4>Serverdaten<\/h4>\n<p>\n            Aus technischen Gr\u00fcnden werden u.a. folgende Daten, die Ihr Internet-Browser an  uns bzw. an unseren Webspace-Provider  \u00fcbermittelt, erfasst (sogenannte Serverlogfiles): <\/p>\n<p>            &#8211; Browsertyp und -version <br \/>\n            &#8211; verwendetes Betriebssystem <br \/>\n            &#8211; Webseite, von der aus Sie uns besuchen (Referrer URL) <br \/>\n            &#8211; Webseite, die Sie besuchen <br \/>\n            &#8211; Datum und Uhrzeit Ihres Zugriffs <br \/>\n            &#8211; Ihre Internet Protokoll (IP)-Adresse. <\/p>\n<p>            Diese anonymen Daten werden getrennt von Ihren eventuell angegebenen personenbezogenen  Daten gespeichert und lassen so keine R\u00fcckschl\u00fcsse auf eine bestimmte Person  zu. Sie werden zu statistischen Zwecken ausgewertet, um unseren  Internetauftritt und unsere Angebote optimieren zu k\u00f6nnen. <\/p>\n<h4>Registrierungsfunktion<\/h4>\n<p>Wir bieten Ihnen auf unserer Seite die M\u00f6glichkeit, sich dort  zu registrieren. Die im Zuge dieser Registrierung eingegebenen Daten, die aus  der Eingabemaske des Registrierungsformular ersichtlich sind <\/p>\n<p>Name, Anschrift, E-Mail<\/p>\n<p>werden ausschlie\u00dflich f\u00fcr die Verwendung unseres  Angebots erhoben und gespeichert. Mit Ihrer Registrierung auf unserer Seite  werden wir zudem Ihre IP-Adresse und das Datum sowie die Uhrzeit Ihrer  Registrierung speichern. Dies dient in dem Fall, dass ein Dritter Ihre Daten  missbraucht und sich mit diesen Daten ohne Ihr Wissen auf unserer Seite  registriert, als Absicherung unsererseits.&nbsp;  Eine Weitergabe an Dritte erfolgt nicht. Ein Abgleich der so erhobenen  Daten mit Daten, die m\u00f6glicherweise durch andere Komponenten unserer Seite  erhoben werden, erfolgt ebenfalls nicht.<\/p>\n<h4>Kontaktm\u00f6glichkeit<\/h4>\n<p>Wir  bieten Ihnen auf unserer Seite die M\u00f6glichkeit, mit uns per E-Mail und\/oder  \u00fcber ein Kontaktformular in Verbindung zu treten. In diesem Fall werden die vom  Nutzer gemachten Angaben zum Zwecke der Bearbeitung seiner Kontaktaufnahme  gespeichert. Eine Weitergabe an Dritte erfolgt nicht. Ein Abgleich der so  erhobenen Daten mit Daten, die m\u00f6glicherweise durch andere Komponenten unserer  Seite erhoben werden, erfolgt ebenfalls nicht.<\/p>\n<h4>Kommentarm\u00f6glichkeit<\/h4>\n<p>Wir  bieten Ihnen auf unserer Seite die M\u00f6glichkeit, Kommentare zu den einzelnen  Beitr\u00e4gen zu hinterlassen. Hierbei wird die IP- Adresse des Verfassers\/Anschlussinhabers  gespeichert. Diese Speicherung erfolgt zu unserer Sicherheit f\u00fcr den Fall, dass  vom Verfasser durch seinen Kommentar hierbei in Rechte Dritter eingegriffen  wird und\/oder widerrechtliche Inhalte abgesetzt werden. Somit besteht ein  Eigeninteresse unsererseits an den gespeicherten Daten des Verfassers, zumal  wir unter Umst\u00e4nden wegen derartigen Rechtsverletzungen belangt werden k\u00f6nnen.  Eine Weitergabe an Dritte erfolgt nicht. Ein Abgleich der so erhobenen Daten  mit Daten, die m\u00f6glicherweise durch andere Komponenten unserer Seite erhoben  werden, erfolgt ebenfalls nicht.<\/p>\n<h4>Einsatz von YouTube-Komponenten mit erweitertem Datenschutzmodus<\/h4>\n<p>Auf unserer Webseite setzen wir Komponenten (Videos) des Unternehmens YouTube, LLC 901 Cherry Ave., 94066 San Bruno, CA, USA, einem Unternehmen der Google Inc., Amphitheatre Parkway, Mountain View, CA 94043, USA, ein.<\/p>\n<p>Hierbei nutzen wir die von YouTube zur Verf\u00fcgung gestellte Option &#8220; &#8211; erweiterter Datenschutzmodus &#8211; &#8222;.<\/p>\n<p>Wenn Sie eine Seite aufrufen, die \u00fcber ein eingebettetes Video verf\u00fcgt, wird eine Verbindung zu den YouTube-Servern hergestellt und dabei der Inhalt durch Mitteilung an Ihren Browser auf der Internetseite dargestellt.<\/p>\n<p>Laut den Angaben von YouTube werden im &#8220; &#8211; erweiterten Datenschutzmodus -&#8220; nur Daten an den YouTube-Server \u00fcbermittelt, insbesondere welche unserer Internetseiten Sie besucht haben, wenn Sie das Video anschauen. Sind Sie gleichzeitig bei YouTube eingeloggt, werden diese Informationen Ihrem Mitgliedskonto bei YouTube zugeordnet. Dies k\u00f6nnen Sie verhindern, indem Sie sich vor dem Besuch unserer Website von Ihrem Mitgliedskonto abmelden.<\/p>\n<p>Weitere Informationen zum Datenschutz von YouTube werden von Google unter dem folgenden Link bereitgestellt:<\/p>\n<p><a href=\"https:\/\/www.google.de\/intl\/de\/policies\/privacy\/\" target=\"_blank\" rel=\"nofollow\">https:\/\/www.google.de\/intl\/de\/policies\/privacy\/<\/a><\/p>\n<h4>Einsatz von Vimeo-Komponenten<\/h4>\n<p>Wir setzen auf unserer Seite Komponenten des Anbieters Vimeo ein. &nbsp;Vimeo ist ein Service der Vimeo LCC, 555 West 18th Street, New York, New York 10011, USA. Bei jedem einzelnen Abruf unserer Webseite, die mit einer solchen Komponente ausgestattet ist, veranlasst diese Komponente, dass der von Ihnen verwendete Browser eine entsprechende Darstellung der Komponente von Vimeo herunterl\u00e4dt. Wenn Sie unsere Seite aufrufen und w\u00e4hrenddessen bei Vimeo eingeloggt sind, erkennt Vimeo durch die von der Komponente gesammelten Informationen, welche konkrete Seite Sie besuchen und ordnet diese Informationen Ihrem pers\u00f6nlichen Account bei Vimeo zu. Klicken Sie z.B. den \u201ePlay\u201c-Button an oder geben Sie entsprechende Kommentare ab, werden diese Informationen an Ihr pers\u00f6nliches Benutzerkonto bei Vimeo \u00fcbermittelt und dort gespeichert. Dar\u00fcber hinaus wird die Information, dass Sie unsere Seite besucht haben, an Vimeo weitergegeben. Dies geschieht unabh\u00e4ngig davon, ob Sie z.B. die Komponente anklicken\/Kommentare abgeben oder nicht.<\/p>\n<p>Wenn Sie diese \u00dcbermittlung und Speicherung von Daten \u00fcber Sie und Ihr Verhalten auf unserer Webseite durch Vimeo unterbinden wollen, m\u00fcssen Sie sich bei Vimeo ausloggen und zwar bevor Sie unsere Seite besuchen. Die Datenschutzhinweise von Vimeo geben hierzu n\u00e4here Informationen, insbesondere zur Erhebung und Nutzung der Daten durch Vimeo: <a href=\"https:\/\/vimeo.com\/privacy\" target=\"_blank\" rel=\"nofollow\">https:\/\/vimeo.com\/privacy<\/a>&nbsp;<\/p>\n<h3>Auskunft\/Widerruf\/L\u00f6schung<\/h3>\n<p>Sie k\u00f6nnen  sich aufgrund des Bundesdatenschutzgesetzes bei Fragen zur Erhebung, Verarbeitung  oder Nutzung Ihrer personenbezogenen Daten und deren Berichtigung, Sperrung,  L\u00f6schung oder einem Widerruf einer erteilten Einwilligung unentgeltlich an uns  wenden. Wir weisen darauf hin, dass Ihnen ein Recht auf Berichtigung falscher  Daten oder L\u00f6schung personenbezogener Daten zusteht, sollte diesem Anspruch  keine gesetzliche Aufbewahrungspflicht entgegenstehen.<\/p>\n<p>\n<a target=\"_blank\" href=\"https:\/\/www.ratgeberrecht.eu\/leistungen\/muster-datenschutzerklaerung.html\">Muster-Datenschutzerkl\u00e4rung<\/a> der <a target=\"_blank\" href=\"https:\/\/www.ratgeberrecht.eu\/\">Anwaltskanzlei Wei\u00df &amp; Partner<\/a><\/p>\n","protected":false},"excerpt":{"rendered":"<p>markus giltjes &#8211; gartenstra\u00dfe 12a &#8211; d-27374 visselh\u00f6vede &#8211; 0172 \/ 5413030 &#8211;\u00a0info@bobok.com impressum nutzungsbestimmung dieses angebot ist kostenlos. es darf von jedermann genutzt werden, indem es von diesem server abgerufen und am eigenen bildschirm angezeigt wird. wir \u00fcbernehmen keinerlei haftung f\u00fcr sch\u00e4den, die durch die nutzung dieses angebot entstehen. es ist ohne besondere genehmigung [&hellip;]<\/p>\n","protected":false},"author":251,"featured_media":0,"parent":0,"menu_order":4,"comment_status":"open","ping_status":"closed","template":"","meta":{"footnotes":""},"class_list":["post-19","page","type-page","status-publish","hentry"],"_links":{"self":[{"href":"https:\/\/krisenflutschi.bobok.com\/index.php?rest_route=\/wp\/v2\/pages\/19","targetHints":{"allow":["GET"]}}],"collection":[{"href":"https:\/\/krisenflutschi.bobok.com\/index.php?rest_route=\/wp\/v2\/pages"}],"about":[{"href":"https:\/\/krisenflutschi.bobok.com\/index.php?rest_route=\/wp\/v2\/types\/page"}],"author":[{"embeddable":true,"href":"https:\/\/krisenflutschi.bobok.com\/index.php?rest_route=\/wp\/v2\/users\/251"}],"replies":[{"embeddable":true,"href":"https:\/\/krisenflutschi.bobok.com\/index.php?rest_route=%2Fwp%2Fv2%2Fcomments&post=19"}],"version-history":[{"count":19,"href":"https:\/\/krisenflutschi.bobok.com\/index.php?rest_route=\/wp\/v2\/pages\/19\/revisions"}],"predecessor-version":[{"id":2427,"href":"https:\/\/krisenflutschi.bobok.com\/index.php?rest_route=\/wp\/v2\/pages\/19\/revisions\/2427"}],"wp:attachment":[{"href":"https:\/\/krisenflutschi.bobok.com\/index.php?rest_route=%2Fwp%2Fv2%2Fmedia&parent=19"}],"curies":[{"name":"wp","href":"https:\/\/api.w.org\/{rel}","templated":true}]}}