{"id":182,"date":"2011-08-09T04:03:15","date_gmt":"2011-08-09T02:03:15","guid":{"rendered":"http:\/\/krisenflutschi.bobok.com\/?page_id=182"},"modified":"2020-08-26T17:05:13","modified_gmt":"2020-08-26T15:05:13","slug":"hinweise","status":"publish","type":"page","link":"https:\/\/krisenflutschi.bobok.com\/?page_id=182","title":{"rendered":"hinweise"},"content":{"rendered":"<h2>mitbieten : so gehts<\/h2>\n<p>01. um mitbieten zu k\u00f6nnen musst du dich zuerst <!-- <a href=\"http:\/\/krisenflutschi.bobok.com\/wp-login.php?action=register\"> -->registrieren <!-- <\/a> --><\/p>\n<p>das sieht dann so aus:<\/p>\n<p><!--<a href=\"http:\/\/krisenflutschi.bobok.com\/wp-login.php?action=register\"> --><img loading=\"lazy\" decoding=\"async\" src=\"http:\/\/krisenflutschi.bobok.com\/wp-content\/uploads\/2011\/08\/registrierung.jpg\" alt=\"\" title=\"registrierung\" class=\"alignnone size-full wp-image-235\" width=\"416\" height=\"749\" srcset=\"https:\/\/krisenflutschi.bobok.com\/wp-content\/uploads\/2011\/08\/registrierung.jpg 416w, https:\/\/krisenflutschi.bobok.com\/wp-content\/uploads\/2011\/08\/registrierung-166x300.jpg 166w\" sizes=\"auto, (max-width: 416px) 100vw, 416px\" \/> <!-- <\/a> --><\/p>\n<p>bitte f\u00fclle alle felder aus&#8230;<\/p>\n<p>02. du erh\u00e4lst dann eine e-mail mit der du deine registrierung best\u00e4tigen kannst<br \/>\n03. best\u00e4tigungslink anklicken<br \/>\n04. mit benutzernamen und passwort anmelden &#8211; du landest dann hier<\/p>\n<p><img loading=\"lazy\" decoding=\"async\" src=\"http:\/\/krisenflutschi.bobok.com\/wp-content\/uploads\/2011\/08\/anmeldung-profil.jpg\" alt=\"\" title=\"anmeldung-profil\" class=\"alignnone size-full wp-image-234\" width=\"814\" height=\"943\" srcset=\"https:\/\/krisenflutschi.bobok.com\/wp-content\/uploads\/2011\/08\/anmeldung-profil.jpg 814w, https:\/\/krisenflutschi.bobok.com\/wp-content\/uploads\/2011\/08\/anmeldung-profil-258x300.jpg 258w\" sizes=\"auto, (max-width: 814px) 100vw, 814px\" \/><\/p>\n<p>hier kannst du deine daten aendern &#8211; oder einfach alles vergessen &#8211; klicke oben auf &#8222;krisenflutschi tat\u00fctata&#8220; um zur auktion zu kommen.<\/p>\n<p>05. wenn du einmal registriert bist, musst du dich zum mitbieten nur noch  <!-- <a href=\"http:\/\/krisenflutschi.bobok.com\/wp-login.php\"> --> anmelden <!-- <\/a> --><\/p>\n<p><strong>der rest ist einfach :<\/strong><br \/>\n06. bild aussuchen &#8211; anklicken<br \/>\n07. und dann auf der seite ein gebot abgeben &#8211; schreibe in das textfeld was du bietest.<\/p>\n<p><strong>das startgebot ist 50 euro<br \/>\nes werden nur gebote ber\u00fccksichtigt, die um mindestens 5 euro erh\u00f6ht wurden. (STARTGEBOT 50 \/ 55 \/ 60 \/ 65 usw\u2026)<\/strong><\/p>\n<p>bei fragen oder anmerkungen schreibe bitte eine mail an: <a href=\"mailto:info@krisenflutschi.de\">info@krisenflutschi.de<\/a><\/p>\n<h2>ablauf<\/h2>\n<p>wenn du nach ablauf der versteigerung der \/ die h\u00f6chstbietende bist, bzw. &#8222;gekauft&#8220; hast bekommst du eine best\u00e4tigunsmail und kurz darauf das bild incl. rechung per post. versandkosten gibt es innerhalb deutschlands nicht. aber 7% mwst kommen noch drauf&#8230;<\/p>\n<p>du kannst das bild innerhalb von zwei wochen zur\u00fcckschicken, und bekommst dein geld zur\u00fcck. was nat\u00fcrlich nicht so sch\u00f6n w\u00e4re.<\/p>\n<p><strong>datenschutz: ich gebe keine daten an dritte weiter.<\/strong><\/p>\n","protected":false},"excerpt":{"rendered":"<p>mitbieten : so gehts 01. um mitbieten zu k\u00f6nnen musst du dich zuerst registrieren das sieht dann so aus: bitte f\u00fclle alle felder aus&#8230; 02. du erh\u00e4lst dann eine e-mail mit der du deine registrierung best\u00e4tigen kannst 03. best\u00e4tigungslink anklicken 04. mit benutzernamen und passwort anmelden &#8211; du landest dann hier hier kannst du deine [&hellip;]<\/p>\n","protected":false},"author":251,"featured_media":0,"parent":0,"menu_order":3,"comment_status":"open","ping_status":"closed","template":"","meta":{"footnotes":""},"class_list":["post-182","page","type-page","status-publish","hentry"],"_links":{"self":[{"href":"https:\/\/krisenflutschi.bobok.com\/index.php?rest_route=\/wp\/v2\/pages\/182","targetHints":{"allow":["GET"]}}],"collection":[{"href":"https:\/\/krisenflutschi.bobok.com\/index.php?rest_route=\/wp\/v2\/pages"}],"about":[{"href":"https:\/\/krisenflutschi.bobok.com\/index.php?rest_route=\/wp\/v2\/types\/page"}],"author":[{"embeddable":true,"href":"https:\/\/krisenflutschi.bobok.com\/index.php?rest_route=\/wp\/v2\/users\/251"}],"replies":[{"embeddable":true,"href":"https:\/\/krisenflutschi.bobok.com\/index.php?rest_route=%2Fwp%2Fv2%2Fcomments&post=182"}],"version-history":[{"count":32,"href":"https:\/\/krisenflutschi.bobok.com\/index.php?rest_route=\/wp\/v2\/pages\/182\/revisions"}],"predecessor-version":[{"id":2966,"href":"https:\/\/krisenflutschi.bobok.com\/index.php?rest_route=\/wp\/v2\/pages\/182\/revisions\/2966"}],"wp:attachment":[{"href":"https:\/\/krisenflutschi.bobok.com\/index.php?rest_route=%2Fwp%2Fv2%2Fmedia&parent=182"}],"curies":[{"name":"wp","href":"https:\/\/api.w.org\/{rel}","templated":true}]}}